{"id":45,"date":"2022-03-27T14:30:25","date_gmt":"2022-03-27T14:30:25","guid":{"rendered":"https:\/\/agronomie.bourquenoud.net\/?page_id=45"},"modified":"2022-03-31T21:30:26","modified_gmt":"2022-03-31T21:30:26","slug":"bourquenoud-agronomie","status":"publish","type":"page","link":"https:\/\/agronomie.bourquenoud.net\/","title":{"rendered":"Bourquenoud agronomie"},"content":{"rendered":"\n<div class=\"wp-block-group\"><div class=\"wp-block-group__inner-container is-layout-flow wp-block-group-is-layout-flow\">\n<div class=\"wp-block-image\"><figure class=\"aligncenter size-large is-resized\"><img loading=\"lazy\" decoding=\"async\" src=\"https:\/\/agronomie.bourquenoud.net\/wp-content\/uploads\/2022\/03\/logo-1024x1024.png\" alt=\"Logo de Bourquenoud agronomie\" class=\"wp-image-23\" width=\"256\" height=\"256\" srcset=\"https:\/\/agronomie.bourquenoud.net\/wp-content\/uploads\/2022\/03\/logo-1024x1024.png 1024w, https:\/\/agronomie.bourquenoud.net\/wp-content\/uploads\/2022\/03\/logo-300x300.png 300w, https:\/\/agronomie.bourquenoud.net\/wp-content\/uploads\/2022\/03\/logo-150x150.png 150w, https:\/\/agronomie.bourquenoud.net\/wp-content\/uploads\/2022\/03\/logo-768x768.png 768w, https:\/\/agronomie.bourquenoud.net\/wp-content\/uploads\/2022\/03\/logo-1536x1536.png 1536w, https:\/\/agronomie.bourquenoud.net\/wp-content\/uploads\/2022\/03\/logo-1568x1568.png 1568w, https:\/\/agronomie.bourquenoud.net\/wp-content\/uploads\/2022\/03\/logo.png 2000w\" sizes=\"auto, (max-width: 256px) 100vw, 256px\" \/><\/figure><\/div>\n<\/div><\/div>\n\n\n\n<p>Bourquenoud agronomie fourni des prestations agronomiques de base telles que des analyses PER, des analyses de stock semencier, des aides \u00e0 la d\u00e9termination malherbologique et plus encore \u00e0 un prix avantageux. Nous travaillons en Suisse dans les cantons de Fribourg, Vaud, Gen\u00e8ve, ainsi que dans le Chablais Suisse et Fran\u00e7ais.<\/p>\n\n\n\n<p>Ce site est actuellement en construction. Vous pourrez bient\u00f4t y trouver de plus amples informations. En attendant, vous pouvez <a href=\"https:\/\/agronomie.bourquenoud.net\/index.php\/contact\/\">nous contacter<\/a> pour obtenir des renseignements concernant nos services.<\/p>\n","protected":false},"excerpt":{"rendered":"<p>Bourquenoud agronomie fourni des prestations agronomiques de base telles que des analyses PER, des analyses de stock semencier, des aides \u00e0 la d\u00e9termination malherbologique et plus encore \u00e0 un prix avantageux. Nous travaillons en Suisse dans les cantons de Fribourg, Vaud, Gen\u00e8ve, ainsi que dans le Chablais Suisse et Fran\u00e7ais. Ce site est actuellement en&hellip; <a class=\"more-link\" href=\"https:\/\/agronomie.bourquenoud.net\/\">Poursuivre la lecture <span class=\"screen-reader-text\">Bourquenoud agronomie<\/span><\/a><\/p>\n","protected":false},"author":1,"featured_media":0,"parent":0,"menu_order":0,"comment_status":"closed","ping_status":"closed","template":"","meta":{"footnotes":""},"class_list":["post-45","page","type-page","status-publish","hentry","entry"],"_links":{"self":[{"href":"https:\/\/agronomie.bourquenoud.net\/index.php\/wp-json\/wp\/v2\/pages\/45","targetHints":{"allow":["GET"]}}],"collection":[{"href":"https:\/\/agronomie.bourquenoud.net\/index.php\/wp-json\/wp\/v2\/pages"}],"about":[{"href":"https:\/\/agronomie.bourquenoud.net\/index.php\/wp-json\/wp\/v2\/types\/page"}],"author":[{"embeddable":true,"href":"https:\/\/agronomie.bourquenoud.net\/index.php\/wp-json\/wp\/v2\/users\/1"}],"replies":[{"embeddable":true,"href":"https:\/\/agronomie.bourquenoud.net\/index.php\/wp-json\/wp\/v2\/comments?post=45"}],"version-history":[{"count":4,"href":"https:\/\/agronomie.bourquenoud.net\/index.php\/wp-json\/wp\/v2\/pages\/45\/revisions"}],"predecessor-version":[{"id":49,"href":"https:\/\/agronomie.bourquenoud.net\/index.php\/wp-json\/wp\/v2\/pages\/45\/revisions\/49"}],"wp:attachment":[{"href":"https:\/\/agronomie.bourquenoud.net\/index.php\/wp-json\/wp\/v2\/media?parent=45"}],"curies":[{"name":"wp","href":"https:\/\/api.w.org\/{rel}","templated":true}]}}